{"id":215,"date":"2023-12-07T12:47:14","date_gmt":"2023-12-07T11:47:14","guid":{"rendered":"https:\/\/jac-argentique.fr.nf\/?page_id=215"},"modified":"2024-03-12T16:47:28","modified_gmt":"2024-03-12T15:47:28","slug":"stenope","status":"publish","type":"page","link":"https:\/\/jac-argentique.fr.nf\/?page_id=215","title":{"rendered":"St\u00e9nop\u00e9"},"content":{"rendered":"<p><strong>Le st\u00e9nop\u00e9<\/strong> : <em>est un dispositif optique tr\u00e8s simple permettant d&rsquo;obtenir un appareil photographique d\u00e9riv\u00e9 de la chambre noire. Il s&rsquo;agit d&rsquo;un trou de tr\u00e8s faible diam\u00e8tre perc\u00e9 dans une plaque de tr\u00e8s faible \u00e9paisseur. Par extension, on appelle ainsi l&rsquo;appareil photographique utilisant un tel dispositif.<\/em><\/p>\n<p>En fait c&rsquo;est le plus vieil appareil photo du monde. Pour ma part j&rsquo;en utilise deux, que j&rsquo;ai moi-m\u00eame fabriqu\u00e9s. Un appareil de format 9&#215;12 cm avec une focale de 42mm et un autre plus grand de format 13x18cm avec une focale de 75 mm.<br \/>\n<a href=\"https:\/\/public.joomeo.com\/files\/65eef756264f5\"><img decoding=\"async\" src=\"https:\/\/media.joomeo.com\/large\/65eef756264f5.jpg\" \/><\/a><\/p>\n<p>&nbsp;<\/p>\n","protected":false},"excerpt":{"rendered":"<p>Le st\u00e9nop\u00e9 : est un dispositif optique tr\u00e8s simple permettant d&rsquo;obtenir un appareil photographique d\u00e9riv\u00e9 de la chambre noire. Il s&rsquo;agit d&rsquo;un trou de tr\u00e8s faible diam\u00e8tre perc\u00e9 dans une<\/p>\n<p class=\"more-link\"><a href=\"https:\/\/jac-argentique.fr.nf\/?page_id=215\" class=\"readmore\">Continue reading&#8230;<span class=\"screen-reader-text\">St\u00e9nop\u00e9<\/span><\/a><\/p>\n","protected":false},"author":1,"featured_media":0,"parent":52,"menu_order":0,"comment_status":"closed","ping_status":"closed","template":"templates\/no-sidebar.php","meta":{"footnotes":""},"_links":{"self":[{"href":"https:\/\/jac-argentique.fr.nf\/index.php?rest_route=\/wp\/v2\/pages\/215"}],"collection":[{"href":"https:\/\/jac-argentique.fr.nf\/index.php?rest_route=\/wp\/v2\/pages"}],"about":[{"href":"https:\/\/jac-argentique.fr.nf\/index.php?rest_route=\/wp\/v2\/types\/page"}],"author":[{"embeddable":true,"href":"https:\/\/jac-argentique.fr.nf\/index.php?rest_route=\/wp\/v2\/users\/1"}],"replies":[{"embeddable":true,"href":"https:\/\/jac-argentique.fr.nf\/index.php?rest_route=%2Fwp%2Fv2%2Fcomments&post=215"}],"version-history":[{"count":7,"href":"https:\/\/jac-argentique.fr.nf\/index.php?rest_route=\/wp\/v2\/pages\/215\/revisions"}],"predecessor-version":[{"id":331,"href":"https:\/\/jac-argentique.fr.nf\/index.php?rest_route=\/wp\/v2\/pages\/215\/revisions\/331"}],"up":[{"embeddable":true,"href":"https:\/\/jac-argentique.fr.nf\/index.php?rest_route=\/wp\/v2\/pages\/52"}],"wp:attachment":[{"href":"https:\/\/jac-argentique.fr.nf\/index.php?rest_route=%2Fwp%2Fv2%2Fmedia&parent=215"}],"curies":[{"name":"wp","href":"https:\/\/api.w.org\/{rel}","templated":true}]}}