{"id":99,"date":"2023-02-21T18:05:42","date_gmt":"2023-02-21T17:05:42","guid":{"rendered":"http:\/\/jac-argentique.fr.nf\/?page_id=99"},"modified":"2024-03-12T16:46:50","modified_gmt":"2024-03-12T15:46:50","slug":"projets","status":"publish","type":"page","link":"https:\/\/jac-argentique.fr.nf\/?page_id=99","title":{"rendered":"Projets"},"content":{"rendered":"<p><a href=\"https:\/\/public.joomeo.com\/files\/65ef3bdc913e4\"><img decoding=\"async\" src=\"https:\/\/media.joomeo.com\/medium\/65ef3bdc913e4.jpg\" \/><\/a><\/p>\n<ul>\n<li><a href=\"http:\/\/jac-argentique.fr.nf\/?phort_post=arbres\">Arbres<\/a><\/li>\n<\/ul>\n<p>J&rsquo;ai toujours eu une tendresse particuli\u00e8re pour les arbres et notamment les ch\u00eanes, m\u00eame si je connais la fable. Certains datent de plusieurs si\u00e8cles et traversent l&rsquo;histoire. Ah si les ch\u00eanes parlaient , que d&rsquo;indiscr\u00e9tions , de secrets , de d\u00e9clarations enflamm\u00e9es &#8230;&#8230;<\/p>\n<p>&nbsp;<\/p>\n<p>&nbsp;<\/p>\n<p><a href=\"https:\/\/public.joomeo.com\/files\/65ef3a0120bf8\"><img decoding=\"async\" src=\"https:\/\/media.joomeo.com\/medium\/65ef3a0120bf8.jpg\" \/><\/a><\/p>\n<ul>\n<li><a href=\"https:\/\/public.joomeo.com\/albums\/65ef3a45cb721\/slideshow?sls_ap=1&amp;sls_ac=0&amp;sls_dbp=3&amp;sls_afs=1\">Landes du c\u00f4t\u00e9 de Saumos<\/a><\/li>\n<\/ul>\n<p>J&rsquo;ai en t\u00eate de r\u00e9aliser au cours de l&rsquo;ann\u00e9e 2024 un hommage \u00e0 F\u00e9lix Arnaudin avec des photos \u00e0 la chambre de la Lande qui lui \u00e9tait si ch\u00e9re.<\/p>\n","protected":false},"excerpt":{"rendered":"<p>Arbres J&rsquo;ai toujours eu une tendresse particuli\u00e8re pour les arbres et notamment les ch\u00eanes, m\u00eame si je connais la fable. Certains datent de plusieurs si\u00e8cles et traversent l&rsquo;histoire. Ah si<\/p>\n<p class=\"more-link\"><a href=\"https:\/\/jac-argentique.fr.nf\/?page_id=99\" class=\"readmore\">Continue reading&#8230;<span class=\"screen-reader-text\">Projets<\/span><\/a><\/p>\n","protected":false},"author":1,"featured_media":0,"parent":52,"menu_order":0,"comment_status":"closed","ping_status":"closed","template":"templates\/no-sidebar.php","meta":{"footnotes":""},"_links":{"self":[{"href":"https:\/\/jac-argentique.fr.nf\/index.php?rest_route=\/wp\/v2\/pages\/99"}],"collection":[{"href":"https:\/\/jac-argentique.fr.nf\/index.php?rest_route=\/wp\/v2\/pages"}],"about":[{"href":"https:\/\/jac-argentique.fr.nf\/index.php?rest_route=\/wp\/v2\/types\/page"}],"author":[{"embeddable":true,"href":"https:\/\/jac-argentique.fr.nf\/index.php?rest_route=\/wp\/v2\/users\/1"}],"replies":[{"embeddable":true,"href":"https:\/\/jac-argentique.fr.nf\/index.php?rest_route=%2Fwp%2Fv2%2Fcomments&post=99"}],"version-history":[{"count":11,"href":"https:\/\/jac-argentique.fr.nf\/index.php?rest_route=\/wp\/v2\/pages\/99\/revisions"}],"predecessor-version":[{"id":341,"href":"https:\/\/jac-argentique.fr.nf\/index.php?rest_route=\/wp\/v2\/pages\/99\/revisions\/341"}],"up":[{"embeddable":true,"href":"https:\/\/jac-argentique.fr.nf\/index.php?rest_route=\/wp\/v2\/pages\/52"}],"wp:attachment":[{"href":"https:\/\/jac-argentique.fr.nf\/index.php?rest_route=%2Fwp%2Fv2%2Fmedia&parent=99"}],"curies":[{"name":"wp","href":"https:\/\/api.w.org\/{rel}","templated":true}]}}